{"id":1312,"date":"2020-09-19T09:31:25","date_gmt":"2020-09-19T07:31:25","guid":{"rendered":"https:\/\/innoship.nmg.pl\/?page_id=1312"},"modified":"2020-12-15T07:25:50","modified_gmt":"2020-12-15T06:25:50","slug":"cyftowy-blizniak","status":"publish","type":"page","link":"https:\/\/innoship.nmg.pl\/index.php\/cyftowy-blizniak\/","title":{"rendered":"Cyftowy bli\u017aniak"},"content":{"rendered":"\t\t<div data-elementor-type=\"wp-page\" data-elementor-id=\"1312\" class=\"elementor elementor-1312\" data-elementor-settings=\"[]\">\n\t\t\t\t\t\t<div class=\"elementor-inner\">\n\t\t\t\t\t\t\t<div class=\"elementor-section-wrap\">\n\t\t\t\t\t\t\t<section class=\"elementor-section elementor-top-section elementor-element elementor-element-9534f42 elementor-section-boxed elementor-section-height-default elementor-section-height-default\" data-id=\"9534f42\" data-element_type=\"section\" data-settings=\"{&quot;background_background&quot;:&quot;classic&quot;}\">\n\t\t\t\t\t\t\t<div class=\"elementor-background-overlay\"><\/div>\n\t\t\t\t\t\t\t<div class=\"elementor-container elementor-column-gap-default\">\n\t\t\t\t\t\t\t<div class=\"elementor-row\">\n\t\t\t\t\t<div class=\"elementor-column elementor-col-100 elementor-top-column elementor-element elementor-element-5963f2e\" data-id=\"5963f2e\" data-element_type=\"column\">\n\t\t\t<div class=\"elementor-column-wrap elementor-element-populated\">\n\t\t\t\t\t\t\t<div class=\"elementor-widget-wrap\">\n\t\t\t\t\t\t<div class=\"elementor-element elementor-element-35f09df elementor-widget elementor-widget-heading\" data-id=\"35f09df\" data-element_type=\"widget\" data-widget_type=\"heading.default\">\n\t\t\t\t<div class=\"elementor-widget-container\">\n\t\t\t<h1 class=\"elementor-heading-title elementor-size-default\">Cyfrowy bli\u017aniak<\/h1>\t\t<\/div>\n\t\t\t\t<\/div>\n\t\t\t\t<div class=\"elementor-element elementor-element-c268f95 elementor-widget elementor-widget-image\" data-id=\"c268f95\" data-element_type=\"widget\" data-widget_type=\"image.default\">\n\t\t\t\t<div class=\"elementor-widget-container\">\n\t\t\t\t\t<div class=\"elementor-image\">\n\t\t\t\t\t\t\t\t\t\t<img src=\"https:\/\/innoship.nmg.pl\/wp-content\/uploads\/elementor\/thumbs\/plug-free-img-ovk2zid0ix67ive9cg46rb35z2w57nwb9ibtm00498.png\" title=\"Plugs\" alt=\"Plugs\" \/>\t\t\t\t\t\t\t\t\t\t\t<\/div>\n\t\t\t\t<\/div>\n\t\t\t\t<\/div>\n\t\t\t\t\t\t<\/div>\n\t\t\t\t\t<\/div>\n\t\t<\/div>\n\t\t\t\t\t\t\t\t<\/div>\n\t\t\t\t\t<\/div>\n\t\t<\/section>\n\t\t\t\t<section class=\"elementor-section elementor-top-section elementor-element elementor-element-444020d elementor-section-boxed elementor-section-height-default elementor-section-height-default\" data-id=\"444020d\" data-element_type=\"section\" data-settings=\"{&quot;background_background&quot;:&quot;classic&quot;}\">\n\t\t\t\t\t\t<div class=\"elementor-container elementor-column-gap-default\">\n\t\t\t\t\t\t\t<div class=\"elementor-row\">\n\t\t\t\t\t<div class=\"elementor-column elementor-col-100 elementor-top-column elementor-element elementor-element-cc22f1b\" data-id=\"cc22f1b\" data-element_type=\"column\">\n\t\t\t<div class=\"elementor-column-wrap elementor-element-populated\">\n\t\t\t\t\t\t\t<div class=\"elementor-widget-wrap\">\n\t\t\t\t\t\t<div class=\"elementor-element elementor-element-c25ea63 elementor-widget elementor-widget-heading\" data-id=\"c25ea63\" data-element_type=\"widget\" data-widget_type=\"heading.default\">\n\t\t\t\t<div class=\"elementor-widget-container\">\n\t\t\t<h4 class=\"elementor-heading-title elementor-size-default\">Czym jest cyfrowy bli\u017aniak?<\/h4>\t\t<\/div>\n\t\t\t\t<\/div>\n\t\t\t\t<div class=\"elementor-element elementor-element-b32f1cc elementor-widget elementor-widget-text-editor\" data-id=\"b32f1cc\" data-element_type=\"widget\" data-widget_type=\"text-editor.default\">\n\t\t\t\t<div class=\"elementor-widget-container\">\n\t\t\t\t\t<div class=\"elementor-text-editor elementor-clearfix\"><p>Poj\u0119cie \u201ecyfrowy bli\u017aniak\u201d (ang. digital twin) odnosi si\u0119 do cyfrowej repliki fizycznych obiekt\u00f3w, proces\u00f3w i system\u00f3w. Technologie zwi\u0105zane z cyfrowym odwzorowaniem rzeczywisto\u015bci znajduj\u0105 zastosowanie w wielu dziedzinach. Po\u0142\u0105czenie \u015bwiata wirtualnego i rzeczywistego daje ogromne mo\u017cliwo\u015bci rozwoju. Cyfrowy bli\u017aniak \u2013 to model matematyczny prawdziwego produktu, procesu i us\u0142ugi.<\/p><p>Pomys\u0142 tworzenia wirtualnych modeli urz\u0105dze\u0144 wywodzi si\u0119 z czas\u00f3w pierwszych projekt\u00f3w Ameryka\u0144skiej Agencji Kosmicznej NASA, w kt\u00f3rej tworzono repliki kapsu\u0142 kosmicznych, s\u0142u\u017c\u0105ce do testowania montowanego w nich sprz\u0119tu i oprogramowania.<\/p><\/div>\n\t\t\t\t<\/div>\n\t\t\t\t<\/div>\n\t\t\t\t<div class=\"elementor-element elementor-element-0e78190 elementor-widget elementor-widget-heading\" data-id=\"0e78190\" data-element_type=\"widget\" data-widget_type=\"heading.default\">\n\t\t\t\t<div class=\"elementor-widget-container\">\n\t\t\t<h4 class=\"elementor-heading-title elementor-size-default\">Jaka jest rola cyfrowego bli\u017aniaka w projekcie?<\/h4>\t\t<\/div>\n\t\t\t\t<\/div>\n\t\t\t\t<div class=\"elementor-element elementor-element-0ec90f8 elementor-widget elementor-widget-text-editor\" data-id=\"0ec90f8\" data-element_type=\"widget\" data-widget_type=\"text-editor.default\">\n\t\t\t\t<div class=\"elementor-widget-container\">\n\t\t\t\t\t<div class=\"elementor-text-editor elementor-clearfix\"><p>W naszym projekcie cyfrowy bli\u017aniak wykorzystywany b\u0119dzie w celu utwrzenia cyfrowej repliki sieci energoelektrycznej jednostki p\u0142ywaj\u0105cej. Taka replika pozwoli na wykonywanie zaawansowanych test\u00f3w z wykorzystaniem technologii HIL oraz szybkich zmian w projekcie bez konieczno\u015bci pracy na rzeczywistej jednostce p\u0142ywaj\u0105cej.<\/p><p>Pozwoli to za zredukowanie nie tylko koszt\u00f3w i czasu projektowania, ale zwi\u0119kszy r\u00f3wnie\u017c jako\u015b\u0107 produktu ko\u0144cowego jakim b\u0119dzie sie\u0107 energetyczna. Cyfrowy bli\u017aniak b\u0119dzie m\u00f3g\u0142 by\u0107 stosowany w celu test\u00f3w r\u00f3\u017cnych konfiguracji tej samej jednostki. Tak w szybki spos\u00f3b b\u0119dzie mo\u017cna sprawdzi\u0107 dzia\u0142anie systemu np.<\/p><ul><li>po awarii jednego z element\u00f3w uk\u0142adu;<\/li><li>po awarii kilku element\u00f3w uk\u0142adu;<\/li><li>po wymianie jednego lub wi\u0119cej element\u00f3w uk\u0142adu (w tym generator\u00f3w);<\/li><li>po dodaniu nowych urz\u0105dze\u0144 na statku.<\/li><\/ul><p>to wszystko w warunkach laboratoryjnych, do kt\u00f3rych u\u017cytkownik potrzebowa\u0107 b\u0119dzie tylko komputera i dost\u0119pu do naszego oprogramowania!<\/p><\/div>\n\t\t\t\t<\/div>\n\t\t\t\t<\/div>\n\t\t\t\t<div class=\"elementor-element elementor-element-9d45b6a elementor-widget elementor-widget-heading\" data-id=\"9d45b6a\" data-element_type=\"widget\" data-widget_type=\"heading.default\">\n\t\t\t\t<div class=\"elementor-widget-container\">\n\t\t\t<h4 class=\"elementor-heading-title elementor-size-default\">Jaka jest gwarancja poprawno\u015bci dzia\u0142ania takiego cyfrowego bli\u017aniaka?<\/h4>\t\t<\/div>\n\t\t\t\t<\/div>\n\t\t\t\t<div class=\"elementor-element elementor-element-93c0980 elementor-widget elementor-widget-text-editor\" data-id=\"93c0980\" data-element_type=\"widget\" data-widget_type=\"text-editor.default\">\n\t\t\t\t<div class=\"elementor-widget-container\">\n\t\t\t\t\t<div class=\"elementor-text-editor elementor-clearfix\"><p>Nasz zesp\u00f3\u0142 po\u015bwi\u0119ci\u0142 wiele miesi\u0119cy pracy na etapie prac badawczych, by stworzy\u0107, sparametryzowa\u0107 i przetestowa\u0107 wiele uk\u0142ad\u00f3w elektrycznych. Wszystkie te uk\u0142ady zosta\u0142y stworzone w oparciu o badania eksperymentalne na rzeczywistych jednostkach w trakcie pr\u00f3b morskich. Wymaga\u0142o to olbrzymiego nak\u0142adu pracy, ale przynios\u0142o efekt w postaci biblioteki gotowych komponent\u00f3w, z jakich u\u017cytkownik b\u0119dzie budowa\u0107 swoje instalacje!<\/p>\n<p>Dlatego te\u017c u\u017cytkownik w ramach naszego oprogramowania zostanie uzbrojony w szereg mechanizm\u00f3w, kt\u00f3re pozwol\u0105 mu stworzy\u0107 cyfrowego bli\u017aniaka jednostki p\u0142ywaj\u0105cej w spos\u00f3b \u0142atwy i dla niego intuicyjny, a nasze mechanizmy sprawi\u0105, \u017ce b\u0119dzie to w pe\u0142ni funkcjonalny bli\u017aniak !<\/p><\/div>\n\t\t\t\t<\/div>\n\t\t\t\t<\/div>\n\t\t\t\t\t\t<\/div>\n\t\t\t\t\t<\/div>\n\t\t<\/div>\n\t\t\t\t\t\t\t\t<\/div>\n\t\t\t\t\t<\/div>\n\t\t<\/section>\n\t\t\t\t\t\t<\/div>\n\t\t\t\t\t\t<\/div>\n\t\t\t\t\t<\/div>\n\t\t","protected":false},"excerpt":{"rendered":"<p>Cyfrowy bli\u017aniak Czym jest cyfrowy bli\u017aniak? Poj\u0119cie \u201ecyfrowy bli\u017aniak\u201d (ang. digital twin) odnosi si\u0119 do cyfrowej repliki fizycznych obiekt\u00f3w, proces\u00f3w i system\u00f3w. Technologie zwi\u0105zane z cyfrowym odwzorowaniem rzeczywisto\u015bci znajduj\u0105 zastosowanie w wielu dziedzinach. Po\u0142\u0105czenie \u015bwiata wirtualnego i rzeczywistego daje ogromne mo\u017cliwo\u015bci rozwoju. Cyfrowy bli\u017aniak \u2013 to model matematyczny prawdziwego produktu, procesu i us\u0142ugi. Pomys\u0142 tworzenia &hellip;<\/p>\n<p class=\"read-more\"> <a class=\"\" href=\"https:\/\/innoship.nmg.pl\/index.php\/cyftowy-blizniak\/\"> <span class=\"screen-reader-text\">Cyftowy bli\u017aniak<\/span> Read More &raquo;<\/a><\/p>\n","protected":false},"author":1,"featured_media":0,"parent":0,"menu_order":0,"comment_status":"closed","ping_status":"closed","template":"","meta":[],"_links":{"self":[{"href":"https:\/\/innoship.nmg.pl\/index.php\/wp-json\/wp\/v2\/pages\/1312"}],"collection":[{"href":"https:\/\/innoship.nmg.pl\/index.php\/wp-json\/wp\/v2\/pages"}],"about":[{"href":"https:\/\/innoship.nmg.pl\/index.php\/wp-json\/wp\/v2\/types\/page"}],"author":[{"embeddable":true,"href":"https:\/\/innoship.nmg.pl\/index.php\/wp-json\/wp\/v2\/users\/1"}],"replies":[{"embeddable":true,"href":"https:\/\/innoship.nmg.pl\/index.php\/wp-json\/wp\/v2\/comments?post=1312"}],"version-history":[{"count":3,"href":"https:\/\/innoship.nmg.pl\/index.php\/wp-json\/wp\/v2\/pages\/1312\/revisions"}],"predecessor-version":[{"id":1428,"href":"https:\/\/innoship.nmg.pl\/index.php\/wp-json\/wp\/v2\/pages\/1312\/revisions\/1428"}],"wp:attachment":[{"href":"https:\/\/innoship.nmg.pl\/index.php\/wp-json\/wp\/v2\/media?parent=1312"}],"curies":[{"name":"wp","href":"https:\/\/api.w.org\/{rel}","templated":true}]}}